{"id":82,"date":"2026-01-14T09:53:59","date_gmt":"2026-01-14T07:53:59","guid":{"rendered":"https:\/\/www.mokkilevilta.com\/en\/?page_id=82"},"modified":"2026-01-15T17:51:10","modified_gmt":"2026-01-15T15:51:10","slug":"naava-chalet-penthouse","status":"publish","type":"page","link":"https:\/\/www.mokkilevilta.com\/en\/naava-chalet-penthouse\/","title":{"rendered":"\u00c4ht\u00e4ri Naava Chalet Penthouse | M\u00f6kkilevilt\u00e4.com"},"content":{"rendered":"<div class=\"wpb-content-wrapper\"><p>[vc_row][vc_column width=&#8221;1\/2&#8243;][vc_column_text css=&#8221;&#8221;]<\/p>\n<h3>Naava Chalet Penthouse 401 &#8211; Luxury accommodation in the heart of the tourist area next to the Zoo, Flowpark, Golf Center and Hotel Mesik\u00e4mmen.<\/h3>\n<p><strong>NOTE! Also possible to rent together with Villa Naava Laikka, for a total of 21 beds!!<\/strong><\/p>\n<p>This apartment is modern luxury at its best &#8211; a cozy, stylish and unique base in \u00c4ht\u00e4ri, right next to nature and Lake Hankavesi.<\/p>\n<p>The apartment has three bedrooms and beds for a total of nine people, making it ideal for families, groups of friends, business travelers or small meetings.<\/p>\n<p>The spacious and stylish kitchen has everything you need for cooking, and the dining area opens up to a view directly into the evening sun. The reversible fireplace in the living room creates an atmosphere for both dining and relaxing.<\/p>\n<p>Each room has a skylight, which brings in plenty of natural light and in the evenings you can admire the starry sky. The windows also have electric sunshades!<\/p>\n<p><strong>Property information<\/strong><\/p>\n<ul>\n<li>Beds: 9 (7+2 sofa beds)<\/li>\n<li>Rooms: 5<\/li>\n<li>Bedrooms: 3<\/li>\n<li>Surface area: 108 m\u00b2<\/li>\n<li>Year of construction: 2017<\/li>\n<\/ul>\n<p><strong>Beach<\/strong><\/p>\n<ul>\n<li>Private beach: No<\/li>\n<li>Shared beach: No<\/li>\n<li>Access to beach: Yes<\/li>\n<li>Access to water areas: No<\/li>\n<li>Name of water body: Hankavesi<\/li>\n<li>Type of water body: Lake<\/li>\n<\/ul>\n<p><strong>Equipment level:<\/strong><\/p>\n<ul>\n<li>Dishwasher<\/li>\n<li>Crockery 10 per person<\/li>\n<li>Elevator<\/li>\n<li>Induction cooker<\/li>\n<li>Internet connection<\/li>\n<li>Fridge and freezer<\/li>\n<li>Coffee maker<\/li>\n<li>Cooking facilities<\/li>\n<li>Children&#8217;s travel cot (You must bring your own travel cot sheets for the travel cot)<\/li>\n<li>Toaster<\/li>\n<li>Stove<\/li>\n<li>Microwave<\/li>\n<li>Wheelchair accessible<\/li>\n<li>Electric sauna<\/li>\n<li>High chair for children<\/li>\n<li>Shower<\/li>\n<li>Fireplace<\/li>\n<li>Television<\/li>\n<li>Electric kettle<\/li>\n<li>Cooling air heat pump<\/li>\n<li>Sauna and bathtub<\/li>\n<li>Indoor toilet<\/li>\n<li>Electric mixer<\/li>\n<li>Oven<\/li>\n<li>Kettle<\/li>\n<\/ul>\n<p><strong>Price information<\/strong><\/p>\n<ul>\n<li><strong>Basic price list &#8211; Valid by default:<\/strong> day 200 \u20ac<\/li>\n<li><strong>7.1.2026 &#8211; 14.2.2026:<\/strong> day 245\u20ac, Fri-Sun 490\u20ac, Week (7 days) 990 \u20ac<\/li>\n<li><strong>14.2.2026 &#8211; 7.3.2026:<\/strong> day 245\u20ac, Fri-Sun 490\u20ac, Week (7 days) 990 \u20ac<\/li>\n<li><strong>7.3.2026 &#8211; 29.3.2026:<\/strong> day 245\u20ac, Fri-Sun 490\u20ac, Week (7 days) 990\u20ac<\/li>\n<li><strong>29.3.2026 &#8211; 6.4.2026:<\/strong> day 250\u20ac &#8211; 395\u20ac, Fri-Sun 790\u20ac, Week (7 days) 1790\u20ac<\/li>\n<li><strong>6.4.2026 &#8211; 29.4.2026:<\/strong> day 250\u20ac &#8211; 295\u20ac, Fri-Sun 595\u20ac, Week (7 days) 990\u20ac<\/li>\n<li><strong>29.4.2026 &#8211; 3.5.2026:<\/strong> day 250\u20ac &#8211; 550\u20ac, Fri-Sun 890\u20ac, Week (7 days) 990\u20ac<\/li>\n<li><strong>3.5.2026 &#8211; 31.5.2026:<\/strong> day 250\u20ac &#8211; 345\u20ac, Fri-Sun 690\u20ac, Week (7 days) 990\u20ac<\/li>\n<li><strong>31.5.2026 &#8211; 14.6.2026:<\/strong> day 300\u20ac &#8211; 445\u20ac, Fri-Sun 890\u20ac, Week (7 days) 1390\u20ac<\/li>\n<li><strong>14.6.2026 &#8211; 21.6.2026:<\/strong> day 300\u20ac &#8211; 845\u20ac, Fri-Sun 1690\u20ac, Week (7 days) 1990\u20ac<\/li>\n<li><strong>21.6.2026 &#8211; 31.8.2026:<\/strong> day 350\u20ac &#8211; 645\u20ac, Fri-Sun 1290\u20ac, Week (7 days) 1990\u20ac<\/li>\n<\/ul>\n<p><strong>Distances and services:<\/strong><\/p>\n<ul>\n<li>Loiske swimming pool 50m<\/li>\n<li>Tennis court 50m<\/li>\n<li>Hotel Mesik\u00e4mmen 100m<\/li>\n<li>Bowling alley 100m<\/li>\n<li>Beach 150m<\/li>\n<li>El\u00e4npuisto Zoo 300m<\/li>\n<li>Flowpark adventure park 300m<\/li>\n<li>Sauna restaurant Kiulu 500m<\/li>\n<li>Padel court 500m<\/li>\n<li>\u00c4ht\u00e4rin El\u00e4inpuisto-Zoo railway station 600m<\/li>\n<li>Golf course 18-hole 2km<\/li>\n<li>Tuuri village shop 29km<\/li>\n<li>Golf: 2 km<\/li>\n<li>Skiing: 0.1 km<\/li>\n<li>Fishing: 0.1 km<\/li>\n<li>Mountain biking: 0.1 km<\/li>\n<li>Snowmobile: 0.1 km<\/li>\n<li>Hiking: 0.1 km<\/li>\n<li>Tennis: 0.1 km<\/li>\n<li>Boating: 0.1 km<\/li>\n<li>Shop: 8 km<\/li>\n<li>Airport: 107 km<\/li>\n<li>Train station: 0.6 km<\/li>\n<li>Parking: 0 km<\/li>\n<\/ul>\n<p>[\/vc_column_text][\/vc_column][vc_column width=&#8221;1\/2&#8243;][vc_btn title=&#8221;CHECK OUT THE BOOKING CALENDAR AND BOOK YOUR HOLIDAY HERE!&#8221; color=&#8221;danger&#8221; size=&#8221;lg&#8221; align=&#8221;center&#8221; css=&#8221;&#8221; button_block=&#8221;true&#8221; link=&#8221;url:https%3A%2F%2Fwww.nettimokki.com%2Fahtari%2Fnaava-chalet-penthouse%2F60563|target:_blank&#8221;][vc_column_text css=&#8221;&#8221;]<\/p>\n<h3 style=\"text-align: center;\"><strong>Ask for a quote for shorter periods!<\/strong><\/h3>\n<p style=\"text-align: center;\">We are best reached by phone or email!<br \/>\n@mail. <a href=\"mailto:info@mokkilevilta.com\">info@mokkilevilta.com<\/a><br \/>\ntel. <a href=\"tel:+358503449658\">+358 50 344 9658<\/a> \/ Kristian<br \/>\ntel. <a href=\"tel:+358500368726\">+358 500 368 726<\/a> \/ Tiina<\/p>\n<p>[\/vc_column_text][vc_column_text css=&#8221;&#8221;]\r\n\t\t\t\t\t\n\r\n\t\t\t\t\t<!-- START UNITE GALLERY 1.7.56 -->\r\n\t\t\t\t\t\r\n\t\t\t\t\n\t\t\t<div id='unitegallery_1_1' class='unite-gallery' style='margin:0px auto;'>\n\t\t\t\t\n\n\t\t\t\t\t\t<img alt=\"mokkilevilta-naava-chalet-penthouse2025001\"\n\t\t\t\t\t\t     src=\"\" data-image=\"https:\/\/www.mokkilevilta.com\/en\/wp-content\/uploads\/mokkilevilta-naava-chalet-penthouse2025001.jpg\"\n\t\t\t\t\t\t     data-thumb=\"https:\/\/www.mokkilevilta.com\/en\/wp-content\/uploads\/mokkilevilta-naava-chalet-penthouse2025001-300x200.jpg\"\n\t\t\t\t\t\t     title=\"\"\n\t\t\t\t\t\t     style=\"display:none\">\n\n\t\t\t\t\t\t<img alt=\"mokkilevilta-naava-chalet-penthouse2025002\"\n\t\t\t\t\t\t     src=\"\" data-image=\"https:\/\/www.mokkilevilta.com\/en\/wp-content\/uploads\/mokkilevilta-naava-chalet-penthouse2025002.jpg\"\n\t\t\t\t\t\t     data-thumb=\"https:\/\/www.mokkilevilta.com\/en\/wp-content\/uploads\/mokkilevilta-naava-chalet-penthouse2025002-300x200.jpg\"\n\t\t\t\t\t\t     title=\"\"\n\t\t\t\t\t\t     style=\"display:none\">\n\n\t\t\t\t\t\t<img alt=\"mokkilevilta-naava-chalet-penthouse2025003\"\n\t\t\t\t\t\t     src=\"\" data-image=\"https:\/\/www.mokkilevilta.com\/en\/wp-content\/uploads\/mokkilevilta-naava-chalet-penthouse2025003.jpg\"\n\t\t\t\t\t\t     data-thumb=\"https:\/\/www.mokkilevilta.com\/en\/wp-content\/uploads\/mokkilevilta-naava-chalet-penthouse2025003-300x200.jpg\"\n\t\t\t\t\t\t     title=\"\"\n\t\t\t\t\t\t     style=\"display:none\">\n\n\t\t\t\t\t\t<img alt=\"mokkilevilta-naava-chalet-penthouse2025004\"\n\t\t\t\t\t\t     src=\"\" data-image=\"https:\/\/www.mokkilevilta.com\/en\/wp-content\/uploads\/mokkilevilta-naava-chalet-penthouse2025004.jpg\"\n\t\t\t\t\t\t     data-thumb=\"https:\/\/www.mokkilevilta.com\/en\/wp-content\/uploads\/mokkilevilta-naava-chalet-penthouse2025004-300x200.jpg\"\n\t\t\t\t\t\t     title=\"\"\n\t\t\t\t\t\t     style=\"display:none\">\n\n\t\t\t\t\t\t<img alt=\"mokkilevilta-naava-chalet-penthouse2025005\"\n\t\t\t\t\t\t     src=\"\" data-image=\"https:\/\/www.mokkilevilta.com\/en\/wp-content\/uploads\/mokkilevilta-naava-chalet-penthouse2025005.jpg\"\n\t\t\t\t\t\t     data-thumb=\"https:\/\/www.mokkilevilta.com\/en\/wp-content\/uploads\/mokkilevilta-naava-chalet-penthouse2025005-300x200.jpg\"\n\t\t\t\t\t\t     title=\"\"\n\t\t\t\t\t\t     style=\"display:none\">\n\n\t\t\t\t\t\t<img alt=\"mokkilevilta-naava-chalet-penthouse2025006\"\n\t\t\t\t\t\t     src=\"\" data-image=\"https:\/\/www.mokkilevilta.com\/en\/wp-content\/uploads\/mokkilevilta-naava-chalet-penthouse2025006.jpg\"\n\t\t\t\t\t\t     data-thumb=\"https:\/\/www.mokkilevilta.com\/en\/wp-content\/uploads\/mokkilevilta-naava-chalet-penthouse2025006-300x200.jpg\"\n\t\t\t\t\t\t     title=\"\"\n\t\t\t\t\t\t     style=\"display:none\">\n\n\t\t\t\t\t\t<img alt=\"mokkilevilta-naava-chalet-penthouse2025007\"\n\t\t\t\t\t\t     src=\"\" data-image=\"https:\/\/www.mokkilevilta.com\/en\/wp-content\/uploads\/mokkilevilta-naava-chalet-penthouse2025007.jpg\"\n\t\t\t\t\t\t     data-thumb=\"https:\/\/www.mokkilevilta.com\/en\/wp-content\/uploads\/mokkilevilta-naava-chalet-penthouse2025007-300x200.jpg\"\n\t\t\t\t\t\t     title=\"\"\n\t\t\t\t\t\t     style=\"display:none\">\n\n\t\t\t\t\t\t<img alt=\"mokkilevilta-naava-chalet-penthouse2025008\"\n\t\t\t\t\t\t     src=\"\" data-image=\"https:\/\/www.mokkilevilta.com\/en\/wp-content\/uploads\/mokkilevilta-naava-chalet-penthouse2025008.jpg\"\n\t\t\t\t\t\t     data-thumb=\"https:\/\/www.mokkilevilta.com\/en\/wp-content\/uploads\/mokkilevilta-naava-chalet-penthouse2025008-300x200.jpg\"\n\t\t\t\t\t\t     title=\"\"\n\t\t\t\t\t\t     style=\"display:none\">\n\n\t\t\t\t\t\t<img alt=\"mokkilevilta-naava-chalet-penthouse2025009\"\n\t\t\t\t\t\t     src=\"\" data-image=\"https:\/\/www.mokkilevilta.com\/en\/wp-content\/uploads\/mokkilevilta-naava-chalet-penthouse2025009.jpg\"\n\t\t\t\t\t\t     data-thumb=\"https:\/\/www.mokkilevilta.com\/en\/wp-content\/uploads\/mokkilevilta-naava-chalet-penthouse2025009-300x200.jpg\"\n\t\t\t\t\t\t     title=\"\"\n\t\t\t\t\t\t     style=\"display:none\">\n\n\t\t\t\t\t\t<img alt=\"mokkilevilta-naava-chalet-penthouse2025010\"\n\t\t\t\t\t\t     src=\"\" data-image=\"https:\/\/www.mokkilevilta.com\/en\/wp-content\/uploads\/mokkilevilta-naava-chalet-penthouse2025010.jpg\"\n\t\t\t\t\t\t     data-thumb=\"https:\/\/www.mokkilevilta.com\/en\/wp-content\/uploads\/mokkilevilta-naava-chalet-penthouse2025010-300x200.jpg\"\n\t\t\t\t\t\t     title=\"\"\n\t\t\t\t\t\t     style=\"display:none\">\n\n\t\t\t\t\t\t<img alt=\"mokkilevilta-naava-chalet-penthouse2025027\"\n\t\t\t\t\t\t     src=\"\" data-image=\"https:\/\/www.mokkilevilta.com\/en\/wp-content\/uploads\/mokkilevilta-naava-chalet-penthouse2025027.jpg\"\n\t\t\t\t\t\t     data-thumb=\"https:\/\/www.mokkilevilta.com\/en\/wp-content\/uploads\/mokkilevilta-naava-chalet-penthouse2025027-300x200.jpg\"\n\t\t\t\t\t\t     title=\"\"\n\t\t\t\t\t\t     style=\"display:none\">\n\n\t\t\t\t\t\t<img alt=\"mokkilevilta-naava-chalet-penthouse2025011\"\n\t\t\t\t\t\t     src=\"\" data-image=\"https:\/\/www.mokkilevilta.com\/en\/wp-content\/uploads\/mokkilevilta-naava-chalet-penthouse2025011.jpg\"\n\t\t\t\t\t\t     data-thumb=\"https:\/\/www.mokkilevilta.com\/en\/wp-content\/uploads\/mokkilevilta-naava-chalet-penthouse2025011-300x200.jpg\"\n\t\t\t\t\t\t     title=\"\"\n\t\t\t\t\t\t     style=\"display:none\">\n\n\t\t\t\t\t\t<img alt=\"mokkilevilta-naava-chalet-penthouse2025012\"\n\t\t\t\t\t\t     src=\"\" data-image=\"https:\/\/www.mokkilevilta.com\/en\/wp-content\/uploads\/mokkilevilta-naava-chalet-penthouse2025012.jpg\"\n\t\t\t\t\t\t     data-thumb=\"https:\/\/www.mokkilevilta.com\/en\/wp-content\/uploads\/mokkilevilta-naava-chalet-penthouse2025012-300x200.jpg\"\n\t\t\t\t\t\t     title=\"\"\n\t\t\t\t\t\t     style=\"display:none\">\n\n\t\t\t\t\t\t<img alt=\"mokkilevilta-naava-chalet-penthouse2025013\"\n\t\t\t\t\t\t     src=\"\" data-image=\"https:\/\/www.mokkilevilta.com\/en\/wp-content\/uploads\/mokkilevilta-naava-chalet-penthouse2025013.jpg\"\n\t\t\t\t\t\t     data-thumb=\"https:\/\/www.mokkilevilta.com\/en\/wp-content\/uploads\/mokkilevilta-naava-chalet-penthouse2025013-300x200.jpg\"\n\t\t\t\t\t\t     title=\"\"\n\t\t\t\t\t\t     style=\"display:none\">\n\n\t\t\t\t\t\t<img alt=\"mokkilevilta-naava-chalet-penthouse2025014\"\n\t\t\t\t\t\t     src=\"\" data-image=\"https:\/\/www.mokkilevilta.com\/en\/wp-content\/uploads\/mokkilevilta-naava-chalet-penthouse2025014.jpg\"\n\t\t\t\t\t\t     data-thumb=\"https:\/\/www.mokkilevilta.com\/en\/wp-content\/uploads\/mokkilevilta-naava-chalet-penthouse2025014-300x200.jpg\"\n\t\t\t\t\t\t     title=\"\"\n\t\t\t\t\t\t     style=\"display:none\">\n\n\t\t\t\t\t\t<img alt=\"mokkilevilta-naava-chalet-penthouse2025015\"\n\t\t\t\t\t\t     src=\"\" data-image=\"https:\/\/www.mokkilevilta.com\/en\/wp-content\/uploads\/mokkilevilta-naava-chalet-penthouse2025015.jpg\"\n\t\t\t\t\t\t     data-thumb=\"https:\/\/www.mokkilevilta.com\/en\/wp-content\/uploads\/mokkilevilta-naava-chalet-penthouse2025015-300x200.jpg\"\n\t\t\t\t\t\t     title=\"\"\n\t\t\t\t\t\t     style=\"display:none\">\n\n\t\t\t\t\t\t<img alt=\"mokkilevilta-naava-chalet-penthouse2025016\"\n\t\t\t\t\t\t     src=\"\" data-image=\"https:\/\/www.mokkilevilta.com\/en\/wp-content\/uploads\/mokkilevilta-naava-chalet-penthouse2025016.jpg\"\n\t\t\t\t\t\t     data-thumb=\"https:\/\/www.mokkilevilta.com\/en\/wp-content\/uploads\/mokkilevilta-naava-chalet-penthouse2025016-300x200.jpg\"\n\t\t\t\t\t\t     title=\"\"\n\t\t\t\t\t\t     style=\"display:none\">\n\n\t\t\t\t\t\t<img alt=\"mokkilevilta-naava-chalet-penthouse2025017\"\n\t\t\t\t\t\t     src=\"\" data-image=\"https:\/\/www.mokkilevilta.com\/en\/wp-content\/uploads\/mokkilevilta-naava-chalet-penthouse2025017.jpg\"\n\t\t\t\t\t\t     data-thumb=\"https:\/\/www.mokkilevilta.com\/en\/wp-content\/uploads\/mokkilevilta-naava-chalet-penthouse2025017-300x200.jpg\"\n\t\t\t\t\t\t     title=\"\"\n\t\t\t\t\t\t     style=\"display:none\">\n\n\t\t\t\t\t\t<img alt=\"mokkilevilta-naava-chalet-penthouse2025018\"\n\t\t\t\t\t\t     src=\"\" data-image=\"https:\/\/www.mokkilevilta.com\/en\/wp-content\/uploads\/mokkilevilta-naava-chalet-penthouse2025018.jpg\"\n\t\t\t\t\t\t     data-thumb=\"https:\/\/www.mokkilevilta.com\/en\/wp-content\/uploads\/mokkilevilta-naava-chalet-penthouse2025018-300x200.jpg\"\n\t\t\t\t\t\t     title=\"\"\n\t\t\t\t\t\t     style=\"display:none\">\n\n\t\t\t\t\t\t<img alt=\"mokkilevilta-naava-chalet-penthouse2025019\"\n\t\t\t\t\t\t     src=\"\" data-image=\"https:\/\/www.mokkilevilta.com\/en\/wp-content\/uploads\/mokkilevilta-naava-chalet-penthouse2025019.jpg\"\n\t\t\t\t\t\t     data-thumb=\"https:\/\/www.mokkilevilta.com\/en\/wp-content\/uploads\/mokkilevilta-naava-chalet-penthouse2025019-300x200.jpg\"\n\t\t\t\t\t\t     title=\"\"\n\t\t\t\t\t\t     style=\"display:none\">\n\n\t\t\t\t\t\t<img alt=\"mokkilevilta-naava-chalet-penthouse2025020\"\n\t\t\t\t\t\t     src=\"\" data-image=\"https:\/\/www.mokkilevilta.com\/en\/wp-content\/uploads\/mokkilevilta-naava-chalet-penthouse2025020.jpg\"\n\t\t\t\t\t\t     data-thumb=\"https:\/\/www.mokkilevilta.com\/en\/wp-content\/uploads\/mokkilevilta-naava-chalet-penthouse2025020-200x300.jpg\"\n\t\t\t\t\t\t     title=\"\"\n\t\t\t\t\t\t     style=\"display:none\">\n\n\t\t\t\t\t\t<img alt=\"mokkilevilta-naava-chalet-penthouse2025021\"\n\t\t\t\t\t\t     src=\"\" data-image=\"https:\/\/www.mokkilevilta.com\/en\/wp-content\/uploads\/mokkilevilta-naava-chalet-penthouse2025021.jpg\"\n\t\t\t\t\t\t     data-thumb=\"https:\/\/www.mokkilevilta.com\/en\/wp-content\/uploads\/mokkilevilta-naava-chalet-penthouse2025021-200x300.jpg\"\n\t\t\t\t\t\t     title=\"\"\n\t\t\t\t\t\t     style=\"display:none\">\n\n\t\t\t\t\t\t<img alt=\"mokkilevilta-naava-chalet-penthouse2025022\"\n\t\t\t\t\t\t     src=\"\" data-image=\"https:\/\/www.mokkilevilta.com\/en\/wp-content\/uploads\/mokkilevilta-naava-chalet-penthouse2025022.jpg\"\n\t\t\t\t\t\t     data-thumb=\"https:\/\/www.mokkilevilta.com\/en\/wp-content\/uploads\/mokkilevilta-naava-chalet-penthouse2025022-300x200.jpg\"\n\t\t\t\t\t\t     title=\"\"\n\t\t\t\t\t\t     style=\"display:none\">\n\n\t\t\t\t\t\t<img alt=\"mokkilevilta-naava-chalet-penthouse2025023\"\n\t\t\t\t\t\t     src=\"\" data-image=\"https:\/\/www.mokkilevilta.com\/en\/wp-content\/uploads\/mokkilevilta-naava-chalet-penthouse2025023.jpg\"\n\t\t\t\t\t\t     data-thumb=\"https:\/\/www.mokkilevilta.com\/en\/wp-content\/uploads\/mokkilevilta-naava-chalet-penthouse2025023-300x200.jpg\"\n\t\t\t\t\t\t     title=\"\"\n\t\t\t\t\t\t     style=\"display:none\">\n\n\t\t\t\t\t\t<img alt=\"mokkilevilta-naava-chalet-penthouse2025024\"\n\t\t\t\t\t\t     src=\"\" data-image=\"https:\/\/www.mokkilevilta.com\/en\/wp-content\/uploads\/mokkilevilta-naava-chalet-penthouse2025024.jpg\"\n\t\t\t\t\t\t     data-thumb=\"https:\/\/www.mokkilevilta.com\/en\/wp-content\/uploads\/mokkilevilta-naava-chalet-penthouse2025024-200x300.jpg\"\n\t\t\t\t\t\t     title=\"\"\n\t\t\t\t\t\t     style=\"display:none\">\n\n\t\t\t\t\t\t<img alt=\"mokkilevilta-naava-chalet-penthouse2025025\"\n\t\t\t\t\t\t     src=\"\" data-image=\"https:\/\/www.mokkilevilta.com\/en\/wp-content\/uploads\/mokkilevilta-naava-chalet-penthouse2025025.jpg\"\n\t\t\t\t\t\t     data-thumb=\"https:\/\/www.mokkilevilta.com\/en\/wp-content\/uploads\/mokkilevilta-naava-chalet-penthouse2025025-200x300.jpg\"\n\t\t\t\t\t\t     title=\"\"\n\t\t\t\t\t\t     style=\"display:none\">\n\n\t\t\t\t\t\t<img alt=\"mokkilevilta-naava-chalet-penthouse2025026\"\n\t\t\t\t\t\t     src=\"\" data-image=\"https:\/\/www.mokkilevilta.com\/en\/wp-content\/uploads\/mokkilevilta-naava-chalet-penthouse2025026.jpg\"\n\t\t\t\t\t\t     data-thumb=\"https:\/\/www.mokkilevilta.com\/en\/wp-content\/uploads\/mokkilevilta-naava-chalet-penthouse2025026-200x300.jpg\"\n\t\t\t\t\t\t     title=\"\"\n\t\t\t\t\t\t     style=\"display:none\">\n\n\t\t\t\t\t\t<img alt=\"mokkilevilta-chaletpenthouse-pohjapiirros2025\"\n\t\t\t\t\t\t     src=\"\" data-image=\"https:\/\/www.mokkilevilta.com\/en\/wp-content\/uploads\/mokkilevilta-chaletpenthouse-pohjapiirros2025.jpg\"\n\t\t\t\t\t\t     data-thumb=\"https:\/\/www.mokkilevilta.com\/en\/wp-content\/uploads\/mokkilevilta-chaletpenthouse-pohjapiirros2025-300x200.jpg\"\n\t\t\t\t\t\t     title=\"\"\n\t\t\t\t\t\t     style=\"display:none\">\n\t\t\t<\/div>\n\n\t\t\t<script type='text\/javascript'>\n\t\t\t\twindow.onload = function(e) {\n\t\t\t\t\tif(typeof ugCheckForErrors == \"undefined\"){\n\t\t\t\t\t\tdocument.getElementById(\"unitegallery_1_1\").innerHTML = \"<span style='color:red'>Unite Gallery Error - gallery js and css files not included in the footer. Please make sure that wp_footer() function is added to your theme.<\/span>\";}\n\t\t\t\t\telse{ ugCheckForErrors(\"unitegallery_1_1\", \"jquery\");}\n\t\t\t\t};\n\t\t\t<\/script>\n\n\t\t\t<!-- END UNITEGALLERY -->[\/vc_column_text][\/vc_column][\/vc_row][vc_row full_width=&#8221;stretch_row_content_no_spaces&#8221;][vc_column][vc_column_text css=&#8221;&#8221;]<iframe loading=\"lazy\" style=\"border: 0;\" src=\"https:\/\/www.google.com\/maps\/embed?pb=!1m18!1m12!1m3!1d29431.538692664373!2d24.08915760463088!3d62.5456765619257!2m3!1f0!2f0!3f0!3m2!1i1024!2i768!4f13.1!3m3!1m2!1s0x46860b27066638c1%3A0x5397db817abfd20!2sNaava%20Chalet!5e0!3m2!1sfi!2sfi!4v1768382540925!5m2!1sfi!2sfi\" width=\"100%\" height=\"450\" allowfullscreen=\"allowfullscreen\"><\/iframe>[\/vc_column_text][\/vc_column][\/vc_row]<\/p>\n<\/div>","protected":false},"excerpt":{"rendered":"<p>[vc_row][vc_column width=&#8221;1\/2&#8243;][vc_column_text css=&#8221;&#8221;] Naava Chalet Penthouse 401 &#8211; Luxury accommodation in the heart of the tourist area next to the Zoo, Flowpark, Golf Center and Hotel Mesik\u00e4mmen. NOTE! Also possible to rent together with Villa Naava Laikka, for a total of 21 beds!! This apartment is modern luxury at its best &#8211; a cozy, stylish&hellip;<\/p>\n","protected":false},"author":1,"featured_media":108,"parent":0,"menu_order":60,"comment_status":"closed","ping_status":"open","template":"template-microsite.php","meta":{"footnotes":""},"class_list":["post-82","page","type-page","status-publish","has-post-thumbnail","hentry","description-off"],"_links":{"self":[{"href":"https:\/\/www.mokkilevilta.com\/en\/wp-json\/wp\/v2\/pages\/82","targetHints":{"allow":["GET"]}}],"collection":[{"href":"https:\/\/www.mokkilevilta.com\/en\/wp-json\/wp\/v2\/pages"}],"about":[{"href":"https:\/\/www.mokkilevilta.com\/en\/wp-json\/wp\/v2\/types\/page"}],"author":[{"embeddable":true,"href":"https:\/\/www.mokkilevilta.com\/en\/wp-json\/wp\/v2\/users\/1"}],"replies":[{"embeddable":true,"href":"https:\/\/www.mokkilevilta.com\/en\/wp-json\/wp\/v2\/comments?post=82"}],"version-history":[{"count":29,"href":"https:\/\/www.mokkilevilta.com\/en\/wp-json\/wp\/v2\/pages\/82\/revisions"}],"predecessor-version":[{"id":392,"href":"https:\/\/www.mokkilevilta.com\/en\/wp-json\/wp\/v2\/pages\/82\/revisions\/392"}],"wp:featuredmedia":[{"embeddable":true,"href":"https:\/\/www.mokkilevilta.com\/en\/wp-json\/wp\/v2\/media\/108"}],"wp:attachment":[{"href":"https:\/\/www.mokkilevilta.com\/en\/wp-json\/wp\/v2\/media?parent=82"}],"curies":[{"name":"wp","href":"https:\/\/api.w.org\/{rel}","templated":true}]}}