{"id":81,"date":"2026-01-14T09:53:16","date_gmt":"2026-01-14T07:53:16","guid":{"rendered":"https:\/\/www.mokkilevilta.com\/en\/?page_id=81"},"modified":"2026-01-15T16:24:43","modified_gmt":"2026-01-15T14:24:43","slug":"villa-naava-laikka","status":"publish","type":"page","link":"https:\/\/www.mokkilevilta.com\/en\/villa-naava-laikka\/","title":{"rendered":"\u00c4ht\u00e4ri Villa Naava Laikka | M\u00f6kkilevilt\u00e4.com"},"content":{"rendered":"<div class=\"wpb-content-wrapper\"><p>[vc_row][vc_column width=&#8221;1\/2&#8243;][vc_column_text css=&#8221;&#8221;]<\/p>\n<h3>Villa Naava Laikka &#8211; Luxury accommodation in the heart of the tourist area next to the Animal Park, Flowpark, Golf Center and Hotel Mesik\u00e4mmeni.<\/h3>\n<p>This villa is modern luxury at its best &#8211; a cozy, stylish and unique base in \u00c4ht\u00e4ri, right next to nature and Lake Hankavesi.<\/p>\n<p>The villa has three bedrooms, a spacious upstairs and beds for a total of twelve people, making it ideal for families, groups of friends, business travelers or small meetings.<\/p>\n<p>The spacious and stylish kitchen has everything you need for cooking, and the dining area and living room have a view of the lake directly from the floor-to-ceiling windows.<\/p>\n<p>Large covered terrace facing the lake for the evening sun. On the terrace there is a spacious dining group for 12 people and an outdoor fireplace. There are two sun loungers and a gas grill.<\/p>\n<p>NOTE! It is also possible to rent together with the Naava Chalet Penthouse, which makes a total of 21 beds!!<\/p>\n<p><strong>Property information<\/strong><\/p>\n<ul>\n<li>Beds: 12<\/li>\n<li>Rooms: 5<\/li>\n<li>Bedrooms: 3<\/li>\n<li>Surface area: 118 m\u00b2<\/li>\n<li>Year of construction: 2012<\/li>\n<\/ul>\n<p><strong>Beach<\/strong><\/p>\n<ul>\n<li>Private beach: No<\/li>\n<li>Shared beach: No<\/li>\n<li>Access to beach: Yes<\/li>\n<li>Access to water areas: Yes<\/li>\n<li>Name of water body: Hankavesi<\/li>\n<li>Type of water body: Lake<\/li>\n<\/ul>\n<p><strong>Equipment level:<\/strong><\/p>\n<ul>\n<li>Dishwasher<\/li>\n<li>Crockery for 18 people<\/li>\n<li>Induction cooker<\/li>\n<li>Internet connection<\/li>\n<li>Fridge and freezer<\/li>\n<li>Coffee maker<\/li>\n<li>Cooking facilities<\/li>\n<li>Tumble dryer<\/li>\n<li>Toaster<\/li>\n<li>Deck<\/li>\n<li>Children&#8217;s travel cot (You must bring your own travel cot sheets for the travel cot)<\/li>\n<li>Microwave<\/li>\n<li>Loft<\/li>\n<li>Washing machine<\/li>\n<li>Sauna with glass wall, two jets in the washroom<\/li>\n<li>Electric sauna<\/li>\n<li>Indoor toilet<\/li>\n<li>High chair<\/li>\n<li>Electric mixer<\/li>\n<li>Fireplace<\/li>\n<li>Television<\/li>\n<li>Oven<\/li>\n<li>Electric kettle<\/li>\n<li>Cooling air source heat pump<\/li>\n<\/ul>\n<p><strong>Price information<\/strong><\/p>\n<ul>\n<li><strong>Basic price list &#8211; Valid by default:<\/strong> Daily 200 \u20ac<\/li>\n<li><strong>3.1.2026 &#8211; 14.2.2026:<\/strong> daily 200 \u20ac &#8211; 295 \u20ac, Fri-Sun 590 \u20ac, week (7 days) 1090 \u20ac<\/li>\n<li><strong>14.2.2026 &#8211; 30.5.2026:<\/strong> daily 200 \u20ac &#8211; 345 \u20ac, Fri-Sun 690 \u20ac, week (7 days) 1290 \u20ac<\/li>\n<li><strong>30.5.2026 &#8211; 13.6.2026:<\/strong> daily 300 \u20ac &#8211; 645\u20ac, Fri-Sun 1290\u20ac, week (7 days) 1990\u20ac<\/li>\n<li><strong>Midsummer 13.6.2026 &#8211; 21.6.2026:<\/strong> day 400\u20ac &#8211; 1795\u20ac, Fri-Sun 3590\u20ac, week (7 days) 3990\u20ac<\/li>\n<li><strong>June-August 21.6.2026 &#8211; 30.8.2026:<\/strong> day 400\u20ac &#8211; 795\u20ac, Fri-Sun 1590\u20ac, week (7 days) 2790\u20ac<\/li>\n<li><strong>September 30.8.2026 &#8211; 27.9.2026:<\/strong> day 300\u20ac &#8211; 795\u20ac, Fri-Sun 1590\u20ac, week (7 days) 1990 \u20ac<\/li>\n<li><strong>October-December 27.9.2026 &#8211; 20.12.2026:<\/strong> day 200\u20ac &#8211; 547.50\u20ac, Fri-Sun 1095\u20ac, week (7 days) 1290\u20ac<\/li>\n<li><strong>Christmas-New Year 20.12.2026 &#8211; 3.1.2027:<\/strong> week (7 days) 1990\u20ac<\/li>\n<\/ul>\n<p><strong>Distances:<\/strong><\/p>\n<ul>\n<li>Swimming pool Loiske 100m<\/li>\n<li>Tennis court 100m<\/li>\n<li>Hotel Mesik\u00e4mmen 250m<\/li>\n<li>Bowling alley 250m<\/li>\n<li>Beach 100m<\/li>\n<li>El\u00e4npuisto Zoo 300m<\/li>\n<li>Flowpark adventure park 300m<\/li>\n<li>Sauna restaurant Kiulu 600m<\/li>\n<li>Padel court 600m<\/li>\n<li>\u00c4ht\u00e4rin Zoo-Zoo railway station 800m<\/li>\n<li>Golf course 18-hole 2km<\/li>\n<li>Tuuri village shop 29km<\/li>\n<li>Golf: 2 km<\/li>\n<li>Skiing: 0.1 km<\/li>\n<li>Fishing: 0.1 km<\/li>\n<li>Mountain biking: 0.1 km<\/li>\n<li>Snowmobile: 0.1 km<\/li>\n<li>Tennis: 0.2 km<\/li>\n<li>Shop: 8 km<\/li>\n<li>Bus stop: 0.2 km<\/li>\n<li>Train station: 0.8 km<\/li>\n<li>Airport: 107 km<\/li>\n<\/ul>\n<p>[\/vc_column_text][\/vc_column][vc_column width=&#8221;1\/2&#8243;][vc_btn title=&#8221;CHECK OUT THE BOOKING CALENDAR AND BOOK YOUR HOLIDAY HERE!&#8221; color=&#8221;danger&#8221; size=&#8221;lg&#8221; align=&#8221;center&#8221; css=&#8221;&#8221; button_block=&#8221;true&#8221; link=&#8221;url:https%3A%2F%2Fwww.nettimokki.com%2Fahtari%2Fvilla-naava-laikka%2F60665|target:_blank&#8221;][vc_column_text css=&#8221;&#8221;]<\/p>\n<h3 style=\"text-align: center;\"><strong>Ask for a quote for shorter periods!<\/strong><\/h3>\n<p style=\"text-align: center;\">We are best reached by phone or email!<br \/>\n@mail. <a href=\"mailto:info@mokkilevilta.com\">info@mokkilevilta.com<\/a><br \/>\ntel. <a href=\"tel:+358503449658\">+358 50 344 9658<\/a> \/ Kristian<br \/>\ntel. <a href=\"tel:+358500368726\">+358 500 368 726<\/a> \/ Tiina<\/p>\n<p>[\/vc_column_text][vc_column_text css=&#8221;&#8221;]\r\n\t\t\t\t\t\n\r\n\t\t\t\t\t<!-- START UNITE GALLERY 1.7.56 -->\r\n\t\t\t\t\t\r\n\t\t\t\t\n\t\t\t<div id='unitegallery_2_1' class='unite-gallery' style='margin:0px auto;'>\n\t\t\t\t\n\n\t\t\t\t\t\t<img alt=\"mokkilevilta-naava-villa-laikka2025001\"\n\t\t\t\t\t\t     src=\"\" data-image=\"https:\/\/www.mokkilevilta.com\/en\/wp-content\/uploads\/mokkilevilta-naava-villa-laikka2025001.jpg\"\n\t\t\t\t\t\t     data-thumb=\"https:\/\/www.mokkilevilta.com\/en\/wp-content\/uploads\/mokkilevilta-naava-villa-laikka2025001-300x200.jpg\"\n\t\t\t\t\t\t     title=\"\"\n\t\t\t\t\t\t     style=\"display:none\">\n\n\t\t\t\t\t\t<img alt=\"mokkilevilta-naava-villa-laikka2025002\"\n\t\t\t\t\t\t     src=\"\" data-image=\"https:\/\/www.mokkilevilta.com\/en\/wp-content\/uploads\/mokkilevilta-naava-villa-laikka2025002.jpg\"\n\t\t\t\t\t\t     data-thumb=\"https:\/\/www.mokkilevilta.com\/en\/wp-content\/uploads\/mokkilevilta-naava-villa-laikka2025002-300x200.jpg\"\n\t\t\t\t\t\t     title=\"\"\n\t\t\t\t\t\t     style=\"display:none\">\n\n\t\t\t\t\t\t<img alt=\"mokkilevilta-naava-villa-laikka2025003\"\n\t\t\t\t\t\t     src=\"\" data-image=\"https:\/\/www.mokkilevilta.com\/en\/wp-content\/uploads\/mokkilevilta-naava-villa-laikka2025003.jpg\"\n\t\t\t\t\t\t     data-thumb=\"https:\/\/www.mokkilevilta.com\/en\/wp-content\/uploads\/mokkilevilta-naava-villa-laikka2025003-300x200.jpg\"\n\t\t\t\t\t\t     title=\"\"\n\t\t\t\t\t\t     style=\"display:none\">\n\n\t\t\t\t\t\t<img alt=\"mokkilevilta-naava-villa-laikka2025004\"\n\t\t\t\t\t\t     src=\"\" data-image=\"https:\/\/www.mokkilevilta.com\/en\/wp-content\/uploads\/mokkilevilta-naava-villa-laikka2025004.jpg\"\n\t\t\t\t\t\t     data-thumb=\"https:\/\/www.mokkilevilta.com\/en\/wp-content\/uploads\/mokkilevilta-naava-villa-laikka2025004-300x200.jpg\"\n\t\t\t\t\t\t     title=\"\"\n\t\t\t\t\t\t     style=\"display:none\">\n\n\t\t\t\t\t\t<img alt=\"mokkilevilta-naava-villa-laikka2025005\"\n\t\t\t\t\t\t     src=\"\" data-image=\"https:\/\/www.mokkilevilta.com\/en\/wp-content\/uploads\/mokkilevilta-naava-villa-laikka2025005.jpg\"\n\t\t\t\t\t\t     data-thumb=\"https:\/\/www.mokkilevilta.com\/en\/wp-content\/uploads\/mokkilevilta-naava-villa-laikka2025005-300x200.jpg\"\n\t\t\t\t\t\t     title=\"\"\n\t\t\t\t\t\t     style=\"display:none\">\n\n\t\t\t\t\t\t<img alt=\"mokkilevilta-naava-villa-laikka2025006\"\n\t\t\t\t\t\t     src=\"\" data-image=\"https:\/\/www.mokkilevilta.com\/en\/wp-content\/uploads\/mokkilevilta-naava-villa-laikka2025006.jpg\"\n\t\t\t\t\t\t     data-thumb=\"https:\/\/www.mokkilevilta.com\/en\/wp-content\/uploads\/mokkilevilta-naava-villa-laikka2025006-300x200.jpg\"\n\t\t\t\t\t\t     title=\"\"\n\t\t\t\t\t\t     style=\"display:none\">\n\n\t\t\t\t\t\t<img alt=\"mokkilevilta-naava-villa-laikka2025007\"\n\t\t\t\t\t\t     src=\"\" data-image=\"https:\/\/www.mokkilevilta.com\/en\/wp-content\/uploads\/mokkilevilta-naava-villa-laikka2025007.jpg\"\n\t\t\t\t\t\t     data-thumb=\"https:\/\/www.mokkilevilta.com\/en\/wp-content\/uploads\/mokkilevilta-naava-villa-laikka2025007-300x200.jpg\"\n\t\t\t\t\t\t     title=\"\"\n\t\t\t\t\t\t     style=\"display:none\">\n\n\t\t\t\t\t\t<img alt=\"mokkilevilta-naava-villa-laikka2025008\"\n\t\t\t\t\t\t     src=\"\" data-image=\"https:\/\/www.mokkilevilta.com\/en\/wp-content\/uploads\/mokkilevilta-naava-villa-laikka2025008.jpg\"\n\t\t\t\t\t\t     data-thumb=\"https:\/\/www.mokkilevilta.com\/en\/wp-content\/uploads\/mokkilevilta-naava-villa-laikka2025008-300x200.jpg\"\n\t\t\t\t\t\t     title=\"\"\n\t\t\t\t\t\t     style=\"display:none\">\n\n\t\t\t\t\t\t<img alt=\"mokkilevilta-naava-villa-laikka2025009\"\n\t\t\t\t\t\t     src=\"\" data-image=\"https:\/\/www.mokkilevilta.com\/en\/wp-content\/uploads\/mokkilevilta-naava-villa-laikka2025009.jpg\"\n\t\t\t\t\t\t     data-thumb=\"https:\/\/www.mokkilevilta.com\/en\/wp-content\/uploads\/mokkilevilta-naava-villa-laikka2025009-300x200.jpg\"\n\t\t\t\t\t\t     title=\"\"\n\t\t\t\t\t\t     style=\"display:none\">\n\n\t\t\t\t\t\t<img alt=\"mokkilevilta-naava-villa-laikka2025010\"\n\t\t\t\t\t\t     src=\"\" data-image=\"https:\/\/www.mokkilevilta.com\/en\/wp-content\/uploads\/mokkilevilta-naava-villa-laikka2025010.jpg\"\n\t\t\t\t\t\t     data-thumb=\"https:\/\/www.mokkilevilta.com\/en\/wp-content\/uploads\/mokkilevilta-naava-villa-laikka2025010-300x200.jpg\"\n\t\t\t\t\t\t     title=\"\"\n\t\t\t\t\t\t     style=\"display:none\">\n\n\t\t\t\t\t\t<img alt=\"mokkilevilta-naava-villa-laikka2025011\"\n\t\t\t\t\t\t     src=\"\" data-image=\"https:\/\/www.mokkilevilta.com\/en\/wp-content\/uploads\/mokkilevilta-naava-villa-laikka2025011.jpg\"\n\t\t\t\t\t\t     data-thumb=\"https:\/\/www.mokkilevilta.com\/en\/wp-content\/uploads\/mokkilevilta-naava-villa-laikka2025011-300x200.jpg\"\n\t\t\t\t\t\t     title=\"\"\n\t\t\t\t\t\t     style=\"display:none\">\n\n\t\t\t\t\t\t<img alt=\"mokkilevilta-naava-villa-laikka2025012\"\n\t\t\t\t\t\t     src=\"\" data-image=\"https:\/\/www.mokkilevilta.com\/en\/wp-content\/uploads\/mokkilevilta-naava-villa-laikka2025012.jpg\"\n\t\t\t\t\t\t     data-thumb=\"https:\/\/www.mokkilevilta.com\/en\/wp-content\/uploads\/mokkilevilta-naava-villa-laikka2025012-300x200.jpg\"\n\t\t\t\t\t\t     title=\"\"\n\t\t\t\t\t\t     style=\"display:none\">\n\n\t\t\t\t\t\t<img alt=\"mokkilevilta-naava-villa-laikka2025013\"\n\t\t\t\t\t\t     src=\"\" data-image=\"https:\/\/www.mokkilevilta.com\/en\/wp-content\/uploads\/mokkilevilta-naava-villa-laikka2025013.jpg\"\n\t\t\t\t\t\t     data-thumb=\"https:\/\/www.mokkilevilta.com\/en\/wp-content\/uploads\/mokkilevilta-naava-villa-laikka2025013-300x200.jpg\"\n\t\t\t\t\t\t     title=\"\"\n\t\t\t\t\t\t     style=\"display:none\">\n\n\t\t\t\t\t\t<img alt=\"mokkilevilta-naava-villa-laikka2025014\"\n\t\t\t\t\t\t     src=\"\" data-image=\"https:\/\/www.mokkilevilta.com\/en\/wp-content\/uploads\/mokkilevilta-naava-villa-laikka2025014.jpg\"\n\t\t\t\t\t\t     data-thumb=\"https:\/\/www.mokkilevilta.com\/en\/wp-content\/uploads\/mokkilevilta-naava-villa-laikka2025014-300x200.jpg\"\n\t\t\t\t\t\t     title=\"\"\n\t\t\t\t\t\t     style=\"display:none\">\n\n\t\t\t\t\t\t<img alt=\"mokkilevilta-naava-villa-laikka2025015\"\n\t\t\t\t\t\t     src=\"\" data-image=\"https:\/\/www.mokkilevilta.com\/en\/wp-content\/uploads\/mokkilevilta-naava-villa-laikka2025015.jpg\"\n\t\t\t\t\t\t     data-thumb=\"https:\/\/www.mokkilevilta.com\/en\/wp-content\/uploads\/mokkilevilta-naava-villa-laikka2025015-300x200.jpg\"\n\t\t\t\t\t\t     title=\"\"\n\t\t\t\t\t\t     style=\"display:none\">\n\n\t\t\t\t\t\t<img alt=\"mokkilevilta-naava-villa-laikka2025016\"\n\t\t\t\t\t\t     src=\"\" data-image=\"https:\/\/www.mokkilevilta.com\/en\/wp-content\/uploads\/mokkilevilta-naava-villa-laikka2025016.jpg\"\n\t\t\t\t\t\t     data-thumb=\"https:\/\/www.mokkilevilta.com\/en\/wp-content\/uploads\/mokkilevilta-naava-villa-laikka2025016-300x200.jpg\"\n\t\t\t\t\t\t     title=\"\"\n\t\t\t\t\t\t     style=\"display:none\">\n\n\t\t\t\t\t\t<img alt=\"mokkilevilta-naava-villa-laikka2025017\"\n\t\t\t\t\t\t     src=\"\" data-image=\"https:\/\/www.mokkilevilta.com\/en\/wp-content\/uploads\/mokkilevilta-naava-villa-laikka2025017.jpg\"\n\t\t\t\t\t\t     data-thumb=\"https:\/\/www.mokkilevilta.com\/en\/wp-content\/uploads\/mokkilevilta-naava-villa-laikka2025017-300x200.jpg\"\n\t\t\t\t\t\t     title=\"\"\n\t\t\t\t\t\t     style=\"display:none\">\n\n\t\t\t\t\t\t<img alt=\"mokkilevilta-naava-villa-laikka2025018\"\n\t\t\t\t\t\t     src=\"\" data-image=\"https:\/\/www.mokkilevilta.com\/en\/wp-content\/uploads\/mokkilevilta-naava-villa-laikka2025018.jpg\"\n\t\t\t\t\t\t     data-thumb=\"https:\/\/www.mokkilevilta.com\/en\/wp-content\/uploads\/mokkilevilta-naava-villa-laikka2025018-300x200.jpg\"\n\t\t\t\t\t\t     title=\"\"\n\t\t\t\t\t\t     style=\"display:none\">\n\n\t\t\t\t\t\t<img alt=\"mokkilevilta-naava-villa-laikka2025019\"\n\t\t\t\t\t\t     src=\"\" data-image=\"https:\/\/www.mokkilevilta.com\/en\/wp-content\/uploads\/mokkilevilta-naava-villa-laikka2025019.jpg\"\n\t\t\t\t\t\t     data-thumb=\"https:\/\/www.mokkilevilta.com\/en\/wp-content\/uploads\/mokkilevilta-naava-villa-laikka2025019-300x200.jpg\"\n\t\t\t\t\t\t     title=\"\"\n\t\t\t\t\t\t     style=\"display:none\">\n\n\t\t\t\t\t\t<img alt=\"mokkilevilta-naava-villa-laikka2025020\"\n\t\t\t\t\t\t     src=\"\" data-image=\"https:\/\/www.mokkilevilta.com\/en\/wp-content\/uploads\/mokkilevilta-naava-villa-laikka2025020.jpg\"\n\t\t\t\t\t\t     data-thumb=\"https:\/\/www.mokkilevilta.com\/en\/wp-content\/uploads\/mokkilevilta-naava-villa-laikka2025020-300x200.jpg\"\n\t\t\t\t\t\t     title=\"\"\n\t\t\t\t\t\t     style=\"display:none\">\n\n\t\t\t\t\t\t<img alt=\"mokkilevilta-naava-villa-laikka2025021\"\n\t\t\t\t\t\t     src=\"\" data-image=\"https:\/\/www.mokkilevilta.com\/en\/wp-content\/uploads\/mokkilevilta-naava-villa-laikka2025021.jpg\"\n\t\t\t\t\t\t     data-thumb=\"https:\/\/www.mokkilevilta.com\/en\/wp-content\/uploads\/mokkilevilta-naava-villa-laikka2025021-300x200.jpg\"\n\t\t\t\t\t\t     title=\"\"\n\t\t\t\t\t\t     style=\"display:none\">\n\n\t\t\t\t\t\t<img alt=\"mokkilevilta-naava-villa-laikka2025022\"\n\t\t\t\t\t\t     src=\"\" data-image=\"https:\/\/www.mokkilevilta.com\/en\/wp-content\/uploads\/mokkilevilta-naava-villa-laikka2025022.jpg\"\n\t\t\t\t\t\t     data-thumb=\"https:\/\/www.mokkilevilta.com\/en\/wp-content\/uploads\/mokkilevilta-naava-villa-laikka2025022-300x200.jpg\"\n\t\t\t\t\t\t     title=\"\"\n\t\t\t\t\t\t     style=\"display:none\">\n\n\t\t\t\t\t\t<img alt=\"mokkilevilta-naava-villa-laikka2025023\"\n\t\t\t\t\t\t     src=\"\" data-image=\"https:\/\/www.mokkilevilta.com\/en\/wp-content\/uploads\/mokkilevilta-naava-villa-laikka2025023.jpg\"\n\t\t\t\t\t\t     data-thumb=\"https:\/\/www.mokkilevilta.com\/en\/wp-content\/uploads\/mokkilevilta-naava-villa-laikka2025023-300x200.jpg\"\n\t\t\t\t\t\t     title=\"\"\n\t\t\t\t\t\t     style=\"display:none\">\n\n\t\t\t\t\t\t<img alt=\"mokkilevilta-naava-villa-laikka2025024\"\n\t\t\t\t\t\t     src=\"\" data-image=\"https:\/\/www.mokkilevilta.com\/en\/wp-content\/uploads\/mokkilevilta-naava-villa-laikka2025024.jpg\"\n\t\t\t\t\t\t     data-thumb=\"https:\/\/www.mokkilevilta.com\/en\/wp-content\/uploads\/mokkilevilta-naava-villa-laikka2025024-300x200.jpg\"\n\t\t\t\t\t\t     title=\"\"\n\t\t\t\t\t\t     style=\"display:none\">\n\n\t\t\t\t\t\t<img alt=\"mokkilevilta-naava-villa-laikka2025025\"\n\t\t\t\t\t\t     src=\"\" data-image=\"https:\/\/www.mokkilevilta.com\/en\/wp-content\/uploads\/mokkilevilta-naava-villa-laikka2025025.jpg\"\n\t\t\t\t\t\t     data-thumb=\"https:\/\/www.mokkilevilta.com\/en\/wp-content\/uploads\/mokkilevilta-naava-villa-laikka2025025-300x200.jpg\"\n\t\t\t\t\t\t     title=\"\"\n\t\t\t\t\t\t     style=\"display:none\">\n\n\t\t\t\t\t\t<img alt=\"mokkilevilta-naava-villa-laikka2025026\"\n\t\t\t\t\t\t     src=\"\" data-image=\"https:\/\/www.mokkilevilta.com\/en\/wp-content\/uploads\/mokkilevilta-naava-villa-laikka2025026.jpg\"\n\t\t\t\t\t\t     data-thumb=\"https:\/\/www.mokkilevilta.com\/en\/wp-content\/uploads\/mokkilevilta-naava-villa-laikka2025026-300x200.jpg\"\n\t\t\t\t\t\t     title=\"\"\n\t\t\t\t\t\t     style=\"display:none\">\n\n\t\t\t\t\t\t<img alt=\"mokkilevilta-naava-villa-laikka2025027\"\n\t\t\t\t\t\t     src=\"\" data-image=\"https:\/\/www.mokkilevilta.com\/en\/wp-content\/uploads\/mokkilevilta-naava-villa-laikka2025027.jpg\"\n\t\t\t\t\t\t     data-thumb=\"https:\/\/www.mokkilevilta.com\/en\/wp-content\/uploads\/mokkilevilta-naava-villa-laikka2025027-200x300.jpg\"\n\t\t\t\t\t\t     title=\"\"\n\t\t\t\t\t\t     style=\"display:none\">\n\n\t\t\t\t\t\t<img alt=\"mokkilevilta-naava-villa-laikka2025028\"\n\t\t\t\t\t\t     src=\"\" data-image=\"https:\/\/www.mokkilevilta.com\/en\/wp-content\/uploads\/mokkilevilta-naava-villa-laikka2025028.jpg\"\n\t\t\t\t\t\t     data-thumb=\"https:\/\/www.mokkilevilta.com\/en\/wp-content\/uploads\/mokkilevilta-naava-villa-laikka2025028-200x300.jpg\"\n\t\t\t\t\t\t     title=\"\"\n\t\t\t\t\t\t     style=\"display:none\">\n\n\t\t\t\t\t\t<img alt=\"mokkilevilta-naava-villa-laikka2025029\"\n\t\t\t\t\t\t     src=\"\" data-image=\"https:\/\/www.mokkilevilta.com\/en\/wp-content\/uploads\/mokkilevilta-naava-villa-laikka2025029.jpg\"\n\t\t\t\t\t\t     data-thumb=\"https:\/\/www.mokkilevilta.com\/en\/wp-content\/uploads\/mokkilevilta-naava-villa-laikka2025029-200x300.jpg\"\n\t\t\t\t\t\t     title=\"\"\n\t\t\t\t\t\t     style=\"display:none\">\n\n\t\t\t\t\t\t<img alt=\"mokkilevilta-naava-villa-laikka2025030\"\n\t\t\t\t\t\t     src=\"\" data-image=\"https:\/\/www.mokkilevilta.com\/en\/wp-content\/uploads\/mokkilevilta-naava-villa-laikka2025030.jpg\"\n\t\t\t\t\t\t     data-thumb=\"https:\/\/www.mokkilevilta.com\/en\/wp-content\/uploads\/mokkilevilta-naava-villa-laikka2025030-200x300.jpg\"\n\t\t\t\t\t\t     title=\"\"\n\t\t\t\t\t\t     style=\"display:none\">\n\n\t\t\t\t\t\t<img alt=\"mokkilevilta-naava-villa-laikka2025031\"\n\t\t\t\t\t\t     src=\"\" data-image=\"https:\/\/www.mokkilevilta.com\/en\/wp-content\/uploads\/mokkilevilta-naava-villa-laikka2025031.jpg\"\n\t\t\t\t\t\t     data-thumb=\"https:\/\/www.mokkilevilta.com\/en\/wp-content\/uploads\/mokkilevilta-naava-villa-laikka2025031-200x300.jpg\"\n\t\t\t\t\t\t     title=\"\"\n\t\t\t\t\t\t     style=\"display:none\">\n\n\t\t\t\t\t\t<img alt=\"mokkilevilta-naava-villa-laikka2025032\"\n\t\t\t\t\t\t     src=\"\" data-image=\"https:\/\/www.mokkilevilta.com\/en\/wp-content\/uploads\/mokkilevilta-naava-villa-laikka2025032.jpg\"\n\t\t\t\t\t\t     data-thumb=\"https:\/\/www.mokkilevilta.com\/en\/wp-content\/uploads\/mokkilevilta-naava-villa-laikka2025032-200x300.jpg\"\n\t\t\t\t\t\t     title=\"\"\n\t\t\t\t\t\t     style=\"display:none\">\n\n\t\t\t\t\t\t<img alt=\"mokkilevilta-naava-villa-laikka2025033\"\n\t\t\t\t\t\t     src=\"\" data-image=\"https:\/\/www.mokkilevilta.com\/en\/wp-content\/uploads\/mokkilevilta-naava-villa-laikka2025033.jpg\"\n\t\t\t\t\t\t     data-thumb=\"https:\/\/www.mokkilevilta.com\/en\/wp-content\/uploads\/mokkilevilta-naava-villa-laikka2025033-200x300.jpg\"\n\t\t\t\t\t\t     title=\"\"\n\t\t\t\t\t\t     style=\"display:none\">\n\n\t\t\t\t\t\t<img alt=\"mokkilevilta-naava-villa-laikka2025034\"\n\t\t\t\t\t\t     src=\"\" data-image=\"https:\/\/www.mokkilevilta.com\/en\/wp-content\/uploads\/mokkilevilta-naava-villa-laikka2025034.jpg\"\n\t\t\t\t\t\t     data-thumb=\"https:\/\/www.mokkilevilta.com\/en\/wp-content\/uploads\/mokkilevilta-naava-villa-laikka2025034-200x300.jpg\"\n\t\t\t\t\t\t     title=\"\"\n\t\t\t\t\t\t     style=\"display:none\">\n\n\t\t\t\t\t\t<img alt=\"mokkilevilta-naava-villa-laikka2025035\"\n\t\t\t\t\t\t     src=\"\" data-image=\"https:\/\/www.mokkilevilta.com\/en\/wp-content\/uploads\/mokkilevilta-naava-villa-laikka2025035.jpg\"\n\t\t\t\t\t\t     data-thumb=\"https:\/\/www.mokkilevilta.com\/en\/wp-content\/uploads\/mokkilevilta-naava-villa-laikka2025035-200x300.jpg\"\n\t\t\t\t\t\t     title=\"\"\n\t\t\t\t\t\t     style=\"display:none\">\n\n\t\t\t\t\t\t<img alt=\"mokkilevilta-naavalaikka-pohjapiirros2025\"\n\t\t\t\t\t\t     src=\"\" data-image=\"https:\/\/www.mokkilevilta.com\/en\/wp-content\/uploads\/mokkilevilta-naavalaikka-pohjapiirros2025.jpg\"\n\t\t\t\t\t\t     data-thumb=\"https:\/\/www.mokkilevilta.com\/en\/wp-content\/uploads\/mokkilevilta-naavalaikka-pohjapiirros2025-300x200.jpg\"\n\t\t\t\t\t\t     title=\"\"\n\t\t\t\t\t\t     style=\"display:none\">\n\t\t\t<\/div>\n\n\t\t\t<script type='text\/javascript'>\n\t\t\t\twindow.onload = function(e) {\n\t\t\t\t\tif(typeof ugCheckForErrors == \"undefined\"){\n\t\t\t\t\t\tdocument.getElementById(\"unitegallery_2_1\").innerHTML = \"<span style='color:red'>Unite Gallery Error - gallery js and css files not included in the footer. Please make sure that wp_footer() function is added to your theme.<\/span>\";}\n\t\t\t\t\telse{ ugCheckForErrors(\"unitegallery_2_1\", \"jquery\");}\n\t\t\t\t};\n\t\t\t<\/script>\n\n\t\t\t<!-- END UNITEGALLERY -->[\/vc_column_text][\/vc_column][\/vc_row][vc_row full_width=&#8221;stretch_row_content_no_spaces&#8221;][vc_column][vc_column_text css=&#8221;&#8221;]<iframe loading=\"lazy\" style=\"border: 0;\" src=\"https:\/\/www.google.com\/maps\/embed?pb=!1m18!1m12!1m3!1d1840.1920985787822!2d24.179916797055625!3d62.534009089463126!2m3!1f0!2f0!3f0!3m2!1i1024!2i768!4f13.1!3m3!1m2!1s0x46860b27066638c1%3A0x5397db817abfd20!2sNaava%20Chalet!5e0!3m2!1sfi!2sfi!4v1768386249704!5m2!1sfi!2sfi\" width=\"100%\" height=\"450\" allowfullscreen=\"allowfullscreen\"><\/iframe>[\/vc_column_text][\/vc_column][\/vc_row]<\/p>\n<\/div>","protected":false},"excerpt":{"rendered":"<p>[vc_row][vc_column width=&#8221;1\/2&#8243;][vc_column_text css=&#8221;&#8221;] Villa Naava Laikka &#8211; Luxury accommodation in the heart of the tourist area next to the Animal Park, Flowpark, Golf Center and Hotel Mesik\u00e4mmeni. This villa is modern luxury at its best &#8211; a cozy, stylish and unique base in \u00c4ht\u00e4ri, right next to nature and Lake Hankavesi. The villa has three&hellip;<\/p>\n","protected":false},"author":1,"featured_media":149,"parent":0,"menu_order":50,"comment_status":"closed","ping_status":"open","template":"template-microsite.php","meta":{"footnotes":""},"class_list":["post-81","page","type-page","status-publish","has-post-thumbnail","hentry","description-off"],"_links":{"self":[{"href":"https:\/\/www.mokkilevilta.com\/en\/wp-json\/wp\/v2\/pages\/81","targetHints":{"allow":["GET"]}}],"collection":[{"href":"https:\/\/www.mokkilevilta.com\/en\/wp-json\/wp\/v2\/pages"}],"about":[{"href":"https:\/\/www.mokkilevilta.com\/en\/wp-json\/wp\/v2\/types\/page"}],"author":[{"embeddable":true,"href":"https:\/\/www.mokkilevilta.com\/en\/wp-json\/wp\/v2\/users\/1"}],"replies":[{"embeddable":true,"href":"https:\/\/www.mokkilevilta.com\/en\/wp-json\/wp\/v2\/comments?post=81"}],"version-history":[{"count":17,"href":"https:\/\/www.mokkilevilta.com\/en\/wp-json\/wp\/v2\/pages\/81\/revisions"}],"predecessor-version":[{"id":382,"href":"https:\/\/www.mokkilevilta.com\/en\/wp-json\/wp\/v2\/pages\/81\/revisions\/382"}],"wp:featuredmedia":[{"embeddable":true,"href":"https:\/\/www.mokkilevilta.com\/en\/wp-json\/wp\/v2\/media\/149"}],"wp:attachment":[{"href":"https:\/\/www.mokkilevilta.com\/en\/wp-json\/wp\/v2\/media?parent=81"}],"curies":[{"name":"wp","href":"https:\/\/api.w.org\/{rel}","templated":true}]}}