{"id":2,"date":"2025-12-30T16:27:22","date_gmt":"2025-12-30T14:27:22","guid":{"rendered":"https:\/\/www.mokkilevilta.com\/en\/?page_id=2"},"modified":"2026-01-15T16:12:37","modified_gmt":"2026-01-15T14:12:37","slug":"esimerkkisivu","status":"publish","type":"page","link":"https:\/\/www.mokkilevilta.com\/en\/","title":{"rendered":"We rent high-quality cottages for year-round vacations in Levi and \u00c4ht\u00e4ri | M\u00f6kklevilt\u00e4.com"},"content":{"rendered":"","protected":false},"excerpt":{"rendered":"","protected":false},"author":1,"featured_media":237,"parent":0,"menu_order":0,"comment_status":"closed","ping_status":"open","template":"template-microsite.php","meta":{"footnotes":""},"class_list":["post-2","page","type-page","status-publish","has-post-thumbnail","hentry","description-off"],"_links":{"self":[{"href":"https:\/\/www.mokkilevilta.com\/en\/wp-json\/wp\/v2\/pages\/2","targetHints":{"allow":["GET"]}}],"collection":[{"href":"https:\/\/www.mokkilevilta.com\/en\/wp-json\/wp\/v2\/pages"}],"about":[{"href":"https:\/\/www.mokkilevilta.com\/en\/wp-json\/wp\/v2\/types\/page"}],"author":[{"embeddable":true,"href":"https:\/\/www.mokkilevilta.com\/en\/wp-json\/wp\/v2\/users\/1"}],"replies":[{"embeddable":true,"href":"https:\/\/www.mokkilevilta.com\/en\/wp-json\/wp\/v2\/comments?post=2"}],"version-history":[{"count":28,"href":"https:\/\/www.mokkilevilta.com\/en\/wp-json\/wp\/v2\/pages\/2\/revisions"}],"predecessor-version":[{"id":375,"href":"https:\/\/www.mokkilevilta.com\/en\/wp-json\/wp\/v2\/pages\/2\/revisions\/375"}],"wp:featuredmedia":[{"embeddable":true,"href":"https:\/\/www.mokkilevilta.com\/en\/wp-json\/wp\/v2\/media\/237"}],"wp:attachment":[{"href":"https:\/\/www.mokkilevilta.com\/en\/wp-json\/wp\/v2\/media?parent=2"}],"curies":[{"name":"wp","href":"https:\/\/api.w.org\/{rel}","templated":true}]}}